{"id":2145,"date":"2016-10-11T10:51:56","date_gmt":"2016-10-11T08:51:56","guid":{"rendered":"http:\/\/www.murre.nl\/oplossingen\/"},"modified":"2017-05-05T11:12:30","modified_gmt":"2017-05-05T09:12:30","slug":"soluciones","status":"publish","type":"page","link":"https:\/\/www.murre.nl\/es\/soluciones\/","title":{"rendered":"Soluciones"},"content":{"rendered":"<p>Somos una f\u00e1brica moderna especializada en proporcionar soluciones completas para la industria alimentaria. Dise\u00f1amos nuestras m\u00e1quinas en estrecha colaboraci\u00f3n con el cliente, bas\u00e1ndonos en sus necesidades espec\u00edficas. Para ver m\u00e1s informaci\u00f3n y m\u00e1quinas, elija una de nuestras soluciones.<\/p>\n","protected":false},"excerpt":{"rendered":"<p>Somos una f\u00e1brica moderna especializada en proporcionar soluciones completas para la industria alimentaria. Dise\u00f1amos nuestras m\u00e1quinas en estrecha colaboraci\u00f3n con el cliente, bas\u00e1ndonos en sus necesidades espec\u00edficas. Para ver m\u00e1s informaci\u00f3n y m\u00e1quinas, elija una de nuestras soluciones.<\/p>\n","protected":false},"author":1,"featured_media":0,"parent":0,"menu_order":0,"comment_status":"closed","ping_status":"closed","template":"","meta":[],"acf":[],"yoast_head":"<!-- This site is optimized with the Yoast SEO plugin v20.12 - https:\/\/yoast.com\/wordpress\/plugins\/seo\/ -->\n<title>Soluciones | Murre Technologies B.V.<\/title>\n<meta name=\"robots\" content=\"index, follow, max-snippet:-1, max-image-preview:large, max-video-preview:-1\" \/>\n<link rel=\"canonical\" href=\"https:\/\/www.murre.nl\/es\/soluciones\/\" \/>\n<meta property=\"og:locale\" content=\"es_ES\" \/>\n<meta property=\"og:type\" content=\"article\" \/>\n<meta property=\"og:title\" content=\"Soluciones | Murre Technologies B.V.\" \/>\n<meta property=\"og:description\" content=\"Somos una f\u00e1brica moderna especializada en proporcionar soluciones completas para la industria alimentaria. Dise\u00f1amos nuestras m\u00e1quinas en estrecha colaboraci\u00f3n con el cliente, bas\u00e1ndonos en sus necesidades espec\u00edficas. Para ver m\u00e1s informaci\u00f3n y m\u00e1quinas, elija una de nuestras soluciones.\" \/>\n<meta property=\"og:url\" content=\"https:\/\/www.murre.nl\/es\/soluciones\/\" \/>\n<meta property=\"og:site_name\" content=\"Murre Technologies B.V.\" \/>\n<meta property=\"article:modified_time\" content=\"2017-05-05T09:12:30+00:00\" \/>\n<meta name=\"twitter:card\" content=\"summary_large_image\" \/>\n<script type=\"application\/ld+json\" class=\"yoast-schema-graph\">{\"@context\":\"https:\/\/schema.org\",\"@graph\":[{\"@type\":\"WebPage\",\"@id\":\"https:\/\/www.murre.nl\/es\/soluciones\/\",\"url\":\"https:\/\/www.murre.nl\/es\/soluciones\/\",\"name\":\"Soluciones | Murre Technologies B.V.\",\"isPartOf\":{\"@id\":\"https:\/\/www.murre.nl\/#website\"},\"datePublished\":\"2016-10-11T08:51:56+00:00\",\"dateModified\":\"2017-05-05T09:12:30+00:00\",\"breadcrumb\":{\"@id\":\"https:\/\/www.murre.nl\/es\/soluciones\/#breadcrumb\"},\"inLanguage\":\"es\",\"potentialAction\":[{\"@type\":\"ReadAction\",\"target\":[\"https:\/\/www.murre.nl\/es\/soluciones\/\"]}]},{\"@type\":\"BreadcrumbList\",\"@id\":\"https:\/\/www.murre.nl\/es\/soluciones\/#breadcrumb\",\"itemListElement\":[{\"@type\":\"ListItem\",\"position\":1,\"name\":\"Home\",\"item\":\"https:\/\/www.murre.nl\/es\/\"},{\"@type\":\"ListItem\",\"position\":2,\"name\":\"Soluciones\"}]},{\"@type\":\"WebSite\",\"@id\":\"https:\/\/www.murre.nl\/#website\",\"url\":\"https:\/\/www.murre.nl\/\",\"name\":\"Murre Technologies B.V.\",\"description\":\"En nog een WordPress site\",\"publisher\":{\"@id\":\"https:\/\/www.murre.nl\/#organization\"},\"potentialAction\":[{\"@type\":\"SearchAction\",\"target\":{\"@type\":\"EntryPoint\",\"urlTemplate\":\"https:\/\/www.murre.nl\/?s={search_term_string}\"},\"query-input\":\"required name=search_term_string\"}],\"inLanguage\":\"es\"},{\"@type\":\"Organization\",\"@id\":\"https:\/\/www.murre.nl\/#organization\",\"name\":\"Murre Technologies\",\"url\":\"https:\/\/www.murre.nl\/\",\"logo\":{\"@type\":\"ImageObject\",\"inLanguage\":\"es\",\"@id\":\"https:\/\/www.murre.nl\/#\/schema\/logo\/image\/\",\"url\":\"https:\/\/www.murre.nl\/wp-content\/uploads\/2020\/06\/MT-Logo-HQ-scaled.jpg\",\"contentUrl\":\"https:\/\/www.murre.nl\/wp-content\/uploads\/2020\/06\/MT-Logo-HQ-scaled.jpg\",\"width\":2560,\"height\":731,\"caption\":\"Murre Technologies\"},\"image\":{\"@id\":\"https:\/\/www.murre.nl\/#\/schema\/logo\/image\/\"}}]}<\/script>\n<!-- \/ Yoast SEO plugin. -->","yoast_head_json":{"title":"Soluciones | Murre Technologies B.V.","robots":{"index":"index","follow":"follow","max-snippet":"max-snippet:-1","max-image-preview":"max-image-preview:large","max-video-preview":"max-video-preview:-1"},"canonical":"https:\/\/www.murre.nl\/es\/soluciones\/","og_locale":"es_ES","og_type":"article","og_title":"Soluciones | Murre Technologies B.V.","og_description":"Somos una f\u00e1brica moderna especializada en proporcionar soluciones completas para la industria alimentaria. Dise\u00f1amos nuestras m\u00e1quinas en estrecha colaboraci\u00f3n con el cliente, bas\u00e1ndonos en sus necesidades espec\u00edficas. Para ver m\u00e1s informaci\u00f3n y m\u00e1quinas, elija una de nuestras soluciones.","og_url":"https:\/\/www.murre.nl\/es\/soluciones\/","og_site_name":"Murre Technologies B.V.","article_modified_time":"2017-05-05T09:12:30+00:00","twitter_card":"summary_large_image","schema":{"@context":"https:\/\/schema.org","@graph":[{"@type":"WebPage","@id":"https:\/\/www.murre.nl\/es\/soluciones\/","url":"https:\/\/www.murre.nl\/es\/soluciones\/","name":"Soluciones | Murre Technologies B.V.","isPartOf":{"@id":"https:\/\/www.murre.nl\/#website"},"datePublished":"2016-10-11T08:51:56+00:00","dateModified":"2017-05-05T09:12:30+00:00","breadcrumb":{"@id":"https:\/\/www.murre.nl\/es\/soluciones\/#breadcrumb"},"inLanguage":"es","potentialAction":[{"@type":"ReadAction","target":["https:\/\/www.murre.nl\/es\/soluciones\/"]}]},{"@type":"BreadcrumbList","@id":"https:\/\/www.murre.nl\/es\/soluciones\/#breadcrumb","itemListElement":[{"@type":"ListItem","position":1,"name":"Home","item":"https:\/\/www.murre.nl\/es\/"},{"@type":"ListItem","position":2,"name":"Soluciones"}]},{"@type":"WebSite","@id":"https:\/\/www.murre.nl\/#website","url":"https:\/\/www.murre.nl\/","name":"Murre Technologies B.V.","description":"En nog een WordPress site","publisher":{"@id":"https:\/\/www.murre.nl\/#organization"},"potentialAction":[{"@type":"SearchAction","target":{"@type":"EntryPoint","urlTemplate":"https:\/\/www.murre.nl\/?s={search_term_string}"},"query-input":"required name=search_term_string"}],"inLanguage":"es"},{"@type":"Organization","@id":"https:\/\/www.murre.nl\/#organization","name":"Murre Technologies","url":"https:\/\/www.murre.nl\/","logo":{"@type":"ImageObject","inLanguage":"es","@id":"https:\/\/www.murre.nl\/#\/schema\/logo\/image\/","url":"https:\/\/www.murre.nl\/wp-content\/uploads\/2020\/06\/MT-Logo-HQ-scaled.jpg","contentUrl":"https:\/\/www.murre.nl\/wp-content\/uploads\/2020\/06\/MT-Logo-HQ-scaled.jpg","width":2560,"height":731,"caption":"Murre Technologies"},"image":{"@id":"https:\/\/www.murre.nl\/#\/schema\/logo\/image\/"}}]}},"_links":{"self":[{"href":"https:\/\/www.murre.nl\/es\/wp-json\/wp\/v2\/pages\/2145"}],"collection":[{"href":"https:\/\/www.murre.nl\/es\/wp-json\/wp\/v2\/pages"}],"about":[{"href":"https:\/\/www.murre.nl\/es\/wp-json\/wp\/v2\/types\/page"}],"author":[{"embeddable":true,"href":"https:\/\/www.murre.nl\/es\/wp-json\/wp\/v2\/users\/1"}],"replies":[{"embeddable":true,"href":"https:\/\/www.murre.nl\/es\/wp-json\/wp\/v2\/comments?post=2145"}],"version-history":[{"count":5,"href":"https:\/\/www.murre.nl\/es\/wp-json\/wp\/v2\/pages\/2145\/revisions"}],"predecessor-version":[{"id":2864,"href":"https:\/\/www.murre.nl\/es\/wp-json\/wp\/v2\/pages\/2145\/revisions\/2864"}],"wp:attachment":[{"href":"https:\/\/www.murre.nl\/es\/wp-json\/wp\/v2\/media?parent=2145"}],"curies":[{"name":"wp","href":"https:\/\/api.w.org\/{rel}","templated":true}]}}