{"id":2868,"date":"2017-05-03T09:01:00","date_gmt":"2017-05-03T07:01:00","guid":{"rendered":"http:\/\/www.murre.nl\/?page_id=2868\/"},"modified":"2017-05-05T11:33:07","modified_gmt":"2017-05-05T09:33:07","slug":"innovaciones-personalizadas","status":"publish","type":"page","link":"https:\/\/www.murre.nl\/es\/innovaciones-personalizadas\/","title":{"rendered":"Innovaciones Personalizadas"},"content":{"rendered":"<p>La innovaci\u00f3n es el d\u00eda a d\u00eda de la industria alimentaria. Un producto nuevo, una nueva aplicaci\u00f3n de un producto existente, a\u00f1adir una mejora a su proceso&#8230;todo esto forma parte de la innovaci\u00f3n.<br \/>\nLe ayudamos en ofrecer nuevas soluciones innovadoras a medida nunca pensadas hasta el momento. \u00bfTiene preguntas o ideas, o quiere que le ayudemos a ver c\u00f3mo podr\u00edamos mejorar su proceso o empezar uno nuevo? P\u00f3ngase en contacto con nosotros y nos pondremos a trabajar inmediatamente con usted. Usted como conocedor del producto, y nosotros como fabricante de m\u00e1quinas innovadoras.<br \/>\nEstamos especializados en soluciones a medida innovadoras.<\/p>\n","protected":false},"excerpt":{"rendered":"<p>La innovaci\u00f3n es el d\u00eda a d\u00eda de la industria alimentaria. Un producto nuevo, una nueva aplicaci\u00f3n de un producto existente, a\u00f1adir una mejora a su proceso&#8230;todo esto forma parte de la innovaci\u00f3n. Le ayudamos en ofrecer nuevas soluciones innovadoras a medida nunca pensadas hasta el momento. \u00bfTiene preguntas o ideas, o quiere que le [&hellip;]<\/p>\n","protected":false},"author":1,"featured_media":2672,"parent":0,"menu_order":0,"comment_status":"closed","ping_status":"closed","template":"","meta":[],"acf":[],"yoast_head":"<!-- This site is optimized with the Yoast SEO plugin v20.12 - https:\/\/yoast.com\/wordpress\/plugins\/seo\/ -->\n<title>Innovaciones Personalizadas | Murre Technologies B.V.<\/title>\n<meta name=\"robots\" content=\"index, follow, max-snippet:-1, max-image-preview:large, max-video-preview:-1\" \/>\n<link rel=\"canonical\" href=\"https:\/\/www.murre.nl\/es\/innovaciones-personalizadas\/\" \/>\n<meta property=\"og:locale\" content=\"es_ES\" \/>\n<meta property=\"og:type\" content=\"article\" \/>\n<meta property=\"og:title\" content=\"Innovaciones Personalizadas | Murre Technologies B.V.\" \/>\n<meta property=\"og:description\" content=\"La innovaci\u00f3n es el d\u00eda a d\u00eda de la industria alimentaria. Un producto nuevo, una nueva aplicaci\u00f3n de un producto existente, a\u00f1adir una mejora a su proceso&#8230;todo esto forma parte de la innovaci\u00f3n. Le ayudamos en ofrecer nuevas soluciones innovadoras a medida nunca pensadas hasta el momento. \u00bfTiene preguntas o ideas, o quiere que le [&hellip;]\" \/>\n<meta property=\"og:url\" content=\"https:\/\/www.murre.nl\/es\/innovaciones-personalizadas\/\" \/>\n<meta property=\"og:site_name\" content=\"Murre Technologies B.V.\" \/>\n<meta property=\"article:modified_time\" content=\"2017-05-05T09:33:07+00:00\" \/>\n<meta property=\"og:image\" content=\"https:\/\/www.murre.nl\/wp-content\/uploads\/2017\/05\/machine.png\" \/>\n\t<meta property=\"og:image:width\" content=\"370\" \/>\n\t<meta property=\"og:image:height\" content=\"215\" \/>\n\t<meta property=\"og:image:type\" content=\"image\/png\" \/>\n<meta name=\"twitter:card\" content=\"summary_large_image\" \/>\n<meta name=\"twitter:label1\" content=\"Tiempo de lectura\" \/>\n\t<meta name=\"twitter:data1\" content=\"1 minuto\" \/>\n<script type=\"application\/ld+json\" class=\"yoast-schema-graph\">{\"@context\":\"https:\/\/schema.org\",\"@graph\":[{\"@type\":\"WebPage\",\"@id\":\"https:\/\/www.murre.nl\/es\/innovaciones-personalizadas\/\",\"url\":\"https:\/\/www.murre.nl\/es\/innovaciones-personalizadas\/\",\"name\":\"Innovaciones Personalizadas | Murre Technologies B.V.\",\"isPartOf\":{\"@id\":\"https:\/\/www.murre.nl\/#website\"},\"datePublished\":\"2017-05-03T07:01:00+00:00\",\"dateModified\":\"2017-05-05T09:33:07+00:00\",\"breadcrumb\":{\"@id\":\"https:\/\/www.murre.nl\/es\/innovaciones-personalizadas\/#breadcrumb\"},\"inLanguage\":\"es\",\"potentialAction\":[{\"@type\":\"ReadAction\",\"target\":[\"https:\/\/www.murre.nl\/es\/innovaciones-personalizadas\/\"]}]},{\"@type\":\"BreadcrumbList\",\"@id\":\"https:\/\/www.murre.nl\/es\/innovaciones-personalizadas\/#breadcrumb\",\"itemListElement\":[{\"@type\":\"ListItem\",\"position\":1,\"name\":\"Home\",\"item\":\"https:\/\/www.murre.nl\/es\/\"},{\"@type\":\"ListItem\",\"position\":2,\"name\":\"Innovaciones Personalizadas\"}]},{\"@type\":\"WebSite\",\"@id\":\"https:\/\/www.murre.nl\/#website\",\"url\":\"https:\/\/www.murre.nl\/\",\"name\":\"Murre Technologies B.V.\",\"description\":\"En nog een WordPress site\",\"publisher\":{\"@id\":\"https:\/\/www.murre.nl\/#organization\"},\"potentialAction\":[{\"@type\":\"SearchAction\",\"target\":{\"@type\":\"EntryPoint\",\"urlTemplate\":\"https:\/\/www.murre.nl\/?s={search_term_string}\"},\"query-input\":\"required name=search_term_string\"}],\"inLanguage\":\"es\"},{\"@type\":\"Organization\",\"@id\":\"https:\/\/www.murre.nl\/#organization\",\"name\":\"Murre Technologies\",\"url\":\"https:\/\/www.murre.nl\/\",\"logo\":{\"@type\":\"ImageObject\",\"inLanguage\":\"es\",\"@id\":\"https:\/\/www.murre.nl\/#\/schema\/logo\/image\/\",\"url\":\"https:\/\/www.murre.nl\/wp-content\/uploads\/2020\/06\/MT-Logo-HQ-scaled.jpg\",\"contentUrl\":\"https:\/\/www.murre.nl\/wp-content\/uploads\/2020\/06\/MT-Logo-HQ-scaled.jpg\",\"width\":2560,\"height\":731,\"caption\":\"Murre Technologies\"},\"image\":{\"@id\":\"https:\/\/www.murre.nl\/#\/schema\/logo\/image\/\"}}]}<\/script>\n<!-- \/ Yoast SEO plugin. -->","yoast_head_json":{"title":"Innovaciones Personalizadas | Murre Technologies B.V.","robots":{"index":"index","follow":"follow","max-snippet":"max-snippet:-1","max-image-preview":"max-image-preview:large","max-video-preview":"max-video-preview:-1"},"canonical":"https:\/\/www.murre.nl\/es\/innovaciones-personalizadas\/","og_locale":"es_ES","og_type":"article","og_title":"Innovaciones Personalizadas | Murre Technologies B.V.","og_description":"La innovaci\u00f3n es el d\u00eda a d\u00eda de la industria alimentaria. Un producto nuevo, una nueva aplicaci\u00f3n de un producto existente, a\u00f1adir una mejora a su proceso&#8230;todo esto forma parte de la innovaci\u00f3n. Le ayudamos en ofrecer nuevas soluciones innovadoras a medida nunca pensadas hasta el momento. \u00bfTiene preguntas o ideas, o quiere que le [&hellip;]","og_url":"https:\/\/www.murre.nl\/es\/innovaciones-personalizadas\/","og_site_name":"Murre Technologies B.V.","article_modified_time":"2017-05-05T09:33:07+00:00","og_image":[{"width":370,"height":215,"url":"https:\/\/www.murre.nl\/wp-content\/uploads\/2017\/05\/machine.png","type":"image\/png"}],"twitter_card":"summary_large_image","twitter_misc":{"Tiempo de lectura":"1 minuto"},"schema":{"@context":"https:\/\/schema.org","@graph":[{"@type":"WebPage","@id":"https:\/\/www.murre.nl\/es\/innovaciones-personalizadas\/","url":"https:\/\/www.murre.nl\/es\/innovaciones-personalizadas\/","name":"Innovaciones Personalizadas | Murre Technologies B.V.","isPartOf":{"@id":"https:\/\/www.murre.nl\/#website"},"datePublished":"2017-05-03T07:01:00+00:00","dateModified":"2017-05-05T09:33:07+00:00","breadcrumb":{"@id":"https:\/\/www.murre.nl\/es\/innovaciones-personalizadas\/#breadcrumb"},"inLanguage":"es","potentialAction":[{"@type":"ReadAction","target":["https:\/\/www.murre.nl\/es\/innovaciones-personalizadas\/"]}]},{"@type":"BreadcrumbList","@id":"https:\/\/www.murre.nl\/es\/innovaciones-personalizadas\/#breadcrumb","itemListElement":[{"@type":"ListItem","position":1,"name":"Home","item":"https:\/\/www.murre.nl\/es\/"},{"@type":"ListItem","position":2,"name":"Innovaciones Personalizadas"}]},{"@type":"WebSite","@id":"https:\/\/www.murre.nl\/#website","url":"https:\/\/www.murre.nl\/","name":"Murre Technologies B.V.","description":"En nog een WordPress site","publisher":{"@id":"https:\/\/www.murre.nl\/#organization"},"potentialAction":[{"@type":"SearchAction","target":{"@type":"EntryPoint","urlTemplate":"https:\/\/www.murre.nl\/?s={search_term_string}"},"query-input":"required name=search_term_string"}],"inLanguage":"es"},{"@type":"Organization","@id":"https:\/\/www.murre.nl\/#organization","name":"Murre Technologies","url":"https:\/\/www.murre.nl\/","logo":{"@type":"ImageObject","inLanguage":"es","@id":"https:\/\/www.murre.nl\/#\/schema\/logo\/image\/","url":"https:\/\/www.murre.nl\/wp-content\/uploads\/2020\/06\/MT-Logo-HQ-scaled.jpg","contentUrl":"https:\/\/www.murre.nl\/wp-content\/uploads\/2020\/06\/MT-Logo-HQ-scaled.jpg","width":2560,"height":731,"caption":"Murre Technologies"},"image":{"@id":"https:\/\/www.murre.nl\/#\/schema\/logo\/image\/"}}]}},"_links":{"self":[{"href":"https:\/\/www.murre.nl\/es\/wp-json\/wp\/v2\/pages\/2868"}],"collection":[{"href":"https:\/\/www.murre.nl\/es\/wp-json\/wp\/v2\/pages"}],"about":[{"href":"https:\/\/www.murre.nl\/es\/wp-json\/wp\/v2\/types\/page"}],"author":[{"embeddable":true,"href":"https:\/\/www.murre.nl\/es\/wp-json\/wp\/v2\/users\/1"}],"replies":[{"embeddable":true,"href":"https:\/\/www.murre.nl\/es\/wp-json\/wp\/v2\/comments?post=2868"}],"version-history":[{"count":2,"href":"https:\/\/www.murre.nl\/es\/wp-json\/wp\/v2\/pages\/2868\/revisions"}],"predecessor-version":[{"id":2962,"href":"https:\/\/www.murre.nl\/es\/wp-json\/wp\/v2\/pages\/2868\/revisions\/2962"}],"wp:featuredmedia":[{"embeddable":true,"href":"https:\/\/www.murre.nl\/es\/wp-json\/wp\/v2\/media\/2672"}],"wp:attachment":[{"href":"https:\/\/www.murre.nl\/es\/wp-json\/wp\/v2\/media?parent=2868"}],"curies":[{"name":"wp","href":"https:\/\/api.w.org\/{rel}","templated":true}]}}