{"id":1936,"date":"2017-03-02T16:25:10","date_gmt":"2017-03-02T15:25:10","guid":{"rendered":"http:\/\/www.murre.nl\/?page_id=1936&#038;lang=fr"},"modified":"2017-05-05T11:13:48","modified_gmt":"2017-05-05T09:13:48","slug":"a-propos-de-nous","status":"publish","type":"page","link":"https:\/\/www.murre.nl\/fr\/a-propos-de-nous\/","title":{"rendered":"\u00c1 propos de nous"},"content":{"rendered":"<p><strong>Historique<br \/>\n<\/strong>Murre Technologies est une entreprise priv\u00e9e fond\u00e9e en 1987 par J. Murre, le directeur \/ propri\u00e9taire actuel. Au cours de la p\u00e9riode initiale, les activit\u00e9s concernaient le service et l&rsquo;entretien d&rsquo;entreprises produisant des aliments. Au cours de cette p\u00e9riode, le secteur le plus important concernait l&rsquo;industrie de transformation des pommes de terre, notamment la production de frites, flocons et croquettes de pomme de terre.<\/p>\n<p><strong>Notre processus<\/strong><\/p>\n<div class=\"clear\"><\/div><div class=\"accordion bit-1\"><div class=\" bit-1 vraag transition\"><\/p>\n<p>Concept total<\/p>\n<p><span><i class=\"fa fa-plus\"><\/i><\/span><\/div>\n<div class=\" bit-1 antwoord transition\"><\/p>\n<p>Nous fournissons des cha\u00eenes de transformation compl\u00e8tes, enti\u00e8rement adapt\u00e9es \u00e0 vos souhaits sp\u00e9cifiques, cl\u00e9s en main. La force de notre entreprise repose sur le fait que nous (en tant qu&rsquo;une des seules entreprises) n&rsquo;utilisons pas uniquement nos propres machines, mais que nous impliquons \u00e9galement d&rsquo;autres fournisseurs, tout en demeurant nous-m\u00eames l&rsquo;interlocuteur privil\u00e9gi\u00e9. Gr\u00e2ce \u00e0 nos connaissances en mati\u00e8re de qualit\u00e9 et de durabilit\u00e9, vous obtenez une cha\u00eene de transformation qui vous correspond totalement, mais qui de plus est tr\u00e8s peu sujette aux pannes et ne n\u00e9cessite que peu d&rsquo;entretien. Nous combinons donc notre connaissance des machines et cha\u00eenes de transformation avec la connaissance d&rsquo;autres fournisseurs de machines sp\u00e9cifiques, en y ajoutant votre connaissance du produit. De plus, nous travaillons avec des lignes de communication courtes, ce qui vous permet par cons\u00e9quent d&rsquo;\u00eatre toujours en contact avec la bonne personne. Gr\u00e2ce \u00e0 cette approche personnalis\u00e9e, chacun demeure impliqu\u00e9, jusqu&rsquo;\u00e0 nos m\u00e9caniciens dans l&rsquo;atelier. Les principaux points de d\u00e9part de notre concept sont:<\/p>\n<ul>\n<li style=\"list-style-type: none\">\n<ul>\n<li>La qualit\u00e9<\/li>\n<li>La durabilit\u00e9<\/li>\n<li>Des syst\u00e8mes tr\u00e8s peu sensibles aux pannes et n\u00e9cessitant peu<br \/>\nd&rsquo;entretien<\/li>\n<li>Une technologie \u00e9prouv\u00e9e<\/li>\n<li>Des \u00e9conomies de co\u00fbts de main-d&rsquo;\u0153uvre<\/li>\n<\/ul>\n<\/li>\n<\/ul>\n<p><\/div><\/div>\n<div class=\"clear\"><\/div><div class=\"accordion bit-1\"><div class=\" bit-1 vraag transition\"><\/p>\n<p>Comment parvenons-nous \u00e0 un projet ?<\/p>\n<p><span><i class=\"fa fa-plus\"><\/i><\/span><\/div>\n<div class=\" bit-1 antwoord transition\"><\/p>\n<p>Nous examinons votre entreprise, en votre compagnie. Vous connaissez votre entreprise, et nous les machines qui peuvent offrir plus de production ou de qualit\u00e9 au sein de cette entreprise. Une fois que nous avons dress\u00e9 la carte de vos souhaits, nous vous proposons un premier projet. Nous ne proc\u00e9dons \u00e0 la livraison de l&rsquo;\u00e9quipement ad\u00e9quat qu&rsquo;une fois que vous \u00eates enti\u00e8rement satisfait(e). Comme vous avez pu le lire auparavant, cet appareillage ne sera pas forc\u00e9ment produit par la soci\u00e9t\u00e9 Murre Technologies m\u00eame ; nous choisissons simplement la meilleure technique, qui conduit \u00e9galement \u00e0 la meilleure solution !<\/p>\n<p>Nous recherchons toujours la meilleure des solutions. Lorsqu&rsquo;apr\u00e8s une \u00e9tude approfondie, une solution standard ne s&rsquo;av\u00e8re pas la meilleure des solutions, nous \u00e9laborons et produisons des syst\u00e8mes sur mesure, totalement adapt\u00e9s donc \u00e0 vos souhaits sp\u00e9cifiques.<\/p>\n<p><\/div><\/div>\n<div class=\"clear\"><\/div><div class=\"accordion bit-1\"><div class=\" bit-1 vraag transition\"><\/p>\n<p>Standard<\/p>\n<p><span><i class=\"fa fa-plus\"><\/i><\/span><\/div>\n<div class=\" bit-1 antwoord transition\"><\/p>\n<p>Nous utilisons des technologies \u00e9prouv\u00e9es ; par cons\u00e9quent, vous ne risquez pas ou peu de \u00ab\u00a0maladies de jeunesse\u00a0\u00bb. Du fait qu&rsquo;\u00e0 chaque fois, les machines et les cha\u00eenes de transformation sont \u00e0 nouveau red\u00e9velopp\u00e9es et r\u00e9nov\u00e9es, nous sommes en mesure de vous livrer un bon produit, fiable et bien pens\u00e9.<\/p>\n<p><\/div><\/div>\n<div class=\"clear\"><\/div><div class=\"accordion bit-1\"><div class=\" bit-1 vraag transition\"><\/p>\n<p>Sur mesure<\/p>\n<p><span><i class=\"fa fa-plus\"><\/i><\/span><\/div>\n<div class=\" bit-1 antwoord transition\"><\/p>\n<p>Lorsqu&rsquo;une solution sp\u00e9cifique doit \u00eatre d\u00e9velopp\u00e9e, nous pouvons \u00e9galement vous apporter nos services. Nos ann\u00e9es d&rsquo;exp\u00e9rience dans la conception et la construction de machines offrent une garantie de solution ad\u00e9quate dans votre situation. D\u00e8s la premi\u00e8re phase du projet, nous concentrons notre r\u00e9flexion sur le moyen de r\u00e9aliser un syst\u00e8me ne n\u00e9cessitant aucun entretien. De plus, nous minimisons l&#8217;emploi de composants sensibles aux pannes et nous obtenons ainsi une machine pouvant fonctionner pendant de nombreuses ann\u00e9es et manipuler des tonnes de produit sans aucune panne.<br \/>\n<\/div><\/div>\n<div class=\"clear\"><\/div><div class=\"accordion bit-1\"><div class=\" bit-1 vraag transition\"><\/p>\n<p>Livrasion<\/p>\n<p><span><i class=\"fa fa-plus\"><\/i><\/span><\/div>\n<div class=\" bit-1 antwoord transition\"><\/p>\n<p>La livraison cl\u00e9s en main signifie qu&rsquo;il vous suffit de tourner la cl\u00e9 (de contact), et tout fonctionne. Mais nous allons encore plus loin : nous livrons non seulement la cha\u00eene de production pr\u00eate \u00e0 l&#8217;emploi, mais nous la testons aussi avec vous de mani\u00e8re approfondie jusqu&rsquo;\u00e0 ce que vous soyez satisfait(e), car \u00e0 ce moment seulement, nous le sommes \u00e9galement !<\/p>\n<p><\/div><\/div>\n<div class=\"clear\"><\/div><div class=\"accordion bit-1\"><div class=\" bit-1 vraag transition\"><\/p>\n<p>Apr\u00e8s la livraison<\/p>\n<p><span><i class=\"fa fa-plus\"><\/i><\/span><\/div>\n<div class=\" bit-1 antwoord transition\"><\/p>\n<p>Notre prestation de services ne s&rsquo;arr\u00eate pas apr\u00e8s la livraison, mais elle se poursuit logiquement en vous proposant de larges offres de service apr\u00e8s-vente, uniquement si vous le souhaitez bien entendu.<\/p>\n<p><\/div><\/div>\n","protected":false},"excerpt":{"rendered":"<p>Historique Murre Technologies est une entreprise priv\u00e9e fond\u00e9e en 1987 par J. Murre, le directeur \/ propri\u00e9taire actuel. Au cours de la p\u00e9riode initiale, les activit\u00e9s concernaient le service et l&rsquo;entretien d&rsquo;entreprises produisant des aliments. Au cours de cette p\u00e9riode, le secteur le plus important concernait l&rsquo;industrie de transformation des pommes de terre, notamment la [&hellip;]<\/p>\n","protected":false},"author":2,"featured_media":0,"parent":0,"menu_order":0,"comment_status":"closed","ping_status":"closed","template":"","meta":[],"acf":[],"yoast_head":"<!-- This site is optimized with the Yoast SEO plugin v20.12 - https:\/\/yoast.com\/wordpress\/plugins\/seo\/ -->\n<title>\u00c1 propos de nous | Murre Technologies B.V.<\/title>\n<meta name=\"robots\" content=\"index, follow, max-snippet:-1, max-image-preview:large, max-video-preview:-1\" \/>\n<link rel=\"canonical\" href=\"https:\/\/www.murre.nl\/fr\/a-propos-de-nous\/\" \/>\n<meta property=\"og:locale\" content=\"fr_FR\" \/>\n<meta property=\"og:type\" content=\"article\" \/>\n<meta property=\"og:title\" content=\"\u00c1 propos de nous | Murre Technologies B.V.\" \/>\n<meta property=\"og:description\" content=\"Historique Murre Technologies est une entreprise priv\u00e9e fond\u00e9e en 1987 par J. Murre, le directeur \/ propri\u00e9taire actuel. Au cours de la p\u00e9riode initiale, les activit\u00e9s concernaient le service et l&rsquo;entretien d&rsquo;entreprises produisant des aliments. Au cours de cette p\u00e9riode, le secteur le plus important concernait l&rsquo;industrie de transformation des pommes de terre, notamment la [&hellip;]\" \/>\n<meta property=\"og:url\" content=\"https:\/\/www.murre.nl\/fr\/a-propos-de-nous\/\" \/>\n<meta property=\"og:site_name\" content=\"Murre Technologies B.V.\" \/>\n<meta property=\"article:modified_time\" content=\"2017-05-05T09:13:48+00:00\" \/>\n<meta name=\"twitter:card\" content=\"summary_large_image\" \/>\n<meta name=\"twitter:label1\" content=\"Dur\u00e9e de lecture estim\u00e9e\" \/>\n\t<meta name=\"twitter:data1\" content=\"4 minutes\" \/>\n<script type=\"application\/ld+json\" class=\"yoast-schema-graph\">{\"@context\":\"https:\/\/schema.org\",\"@graph\":[{\"@type\":\"WebPage\",\"@id\":\"https:\/\/www.murre.nl\/fr\/a-propos-de-nous\/\",\"url\":\"https:\/\/www.murre.nl\/fr\/a-propos-de-nous\/\",\"name\":\"\u00c1 propos de nous | Murre Technologies B.V.\",\"isPartOf\":{\"@id\":\"https:\/\/www.murre.nl\/#website\"},\"datePublished\":\"2017-03-02T15:25:10+00:00\",\"dateModified\":\"2017-05-05T09:13:48+00:00\",\"breadcrumb\":{\"@id\":\"https:\/\/www.murre.nl\/fr\/a-propos-de-nous\/#breadcrumb\"},\"inLanguage\":\"fr-FR\",\"potentialAction\":[{\"@type\":\"ReadAction\",\"target\":[\"https:\/\/www.murre.nl\/fr\/a-propos-de-nous\/\"]}]},{\"@type\":\"BreadcrumbList\",\"@id\":\"https:\/\/www.murre.nl\/fr\/a-propos-de-nous\/#breadcrumb\",\"itemListElement\":[{\"@type\":\"ListItem\",\"position\":1,\"name\":\"Home\",\"item\":\"https:\/\/www.murre.nl\/fr\/\"},{\"@type\":\"ListItem\",\"position\":2,\"name\":\"\u00c1 propos de nous\"}]},{\"@type\":\"WebSite\",\"@id\":\"https:\/\/www.murre.nl\/#website\",\"url\":\"https:\/\/www.murre.nl\/\",\"name\":\"Murre Technologies B.V.\",\"description\":\"En nog een WordPress site\",\"publisher\":{\"@id\":\"https:\/\/www.murre.nl\/#organization\"},\"potentialAction\":[{\"@type\":\"SearchAction\",\"target\":{\"@type\":\"EntryPoint\",\"urlTemplate\":\"https:\/\/www.murre.nl\/?s={search_term_string}\"},\"query-input\":\"required name=search_term_string\"}],\"inLanguage\":\"fr-FR\"},{\"@type\":\"Organization\",\"@id\":\"https:\/\/www.murre.nl\/#organization\",\"name\":\"Murre Technologies\",\"url\":\"https:\/\/www.murre.nl\/\",\"logo\":{\"@type\":\"ImageObject\",\"inLanguage\":\"fr-FR\",\"@id\":\"https:\/\/www.murre.nl\/#\/schema\/logo\/image\/\",\"url\":\"https:\/\/www.murre.nl\/wp-content\/uploads\/2020\/06\/MT-Logo-HQ-scaled.jpg\",\"contentUrl\":\"https:\/\/www.murre.nl\/wp-content\/uploads\/2020\/06\/MT-Logo-HQ-scaled.jpg\",\"width\":2560,\"height\":731,\"caption\":\"Murre Technologies\"},\"image\":{\"@id\":\"https:\/\/www.murre.nl\/#\/schema\/logo\/image\/\"}}]}<\/script>\n<!-- \/ Yoast SEO plugin. -->","yoast_head_json":{"title":"\u00c1 propos de nous | Murre Technologies B.V.","robots":{"index":"index","follow":"follow","max-snippet":"max-snippet:-1","max-image-preview":"max-image-preview:large","max-video-preview":"max-video-preview:-1"},"canonical":"https:\/\/www.murre.nl\/fr\/a-propos-de-nous\/","og_locale":"fr_FR","og_type":"article","og_title":"\u00c1 propos de nous | Murre Technologies B.V.","og_description":"Historique Murre Technologies est une entreprise priv\u00e9e fond\u00e9e en 1987 par J. Murre, le directeur \/ propri\u00e9taire actuel. Au cours de la p\u00e9riode initiale, les activit\u00e9s concernaient le service et l&rsquo;entretien d&rsquo;entreprises produisant des aliments. Au cours de cette p\u00e9riode, le secteur le plus important concernait l&rsquo;industrie de transformation des pommes de terre, notamment la [&hellip;]","og_url":"https:\/\/www.murre.nl\/fr\/a-propos-de-nous\/","og_site_name":"Murre Technologies B.V.","article_modified_time":"2017-05-05T09:13:48+00:00","twitter_card":"summary_large_image","twitter_misc":{"Dur\u00e9e de lecture estim\u00e9e":"4 minutes"},"schema":{"@context":"https:\/\/schema.org","@graph":[{"@type":"WebPage","@id":"https:\/\/www.murre.nl\/fr\/a-propos-de-nous\/","url":"https:\/\/www.murre.nl\/fr\/a-propos-de-nous\/","name":"\u00c1 propos de nous | Murre Technologies B.V.","isPartOf":{"@id":"https:\/\/www.murre.nl\/#website"},"datePublished":"2017-03-02T15:25:10+00:00","dateModified":"2017-05-05T09:13:48+00:00","breadcrumb":{"@id":"https:\/\/www.murre.nl\/fr\/a-propos-de-nous\/#breadcrumb"},"inLanguage":"fr-FR","potentialAction":[{"@type":"ReadAction","target":["https:\/\/www.murre.nl\/fr\/a-propos-de-nous\/"]}]},{"@type":"BreadcrumbList","@id":"https:\/\/www.murre.nl\/fr\/a-propos-de-nous\/#breadcrumb","itemListElement":[{"@type":"ListItem","position":1,"name":"Home","item":"https:\/\/www.murre.nl\/fr\/"},{"@type":"ListItem","position":2,"name":"\u00c1 propos de nous"}]},{"@type":"WebSite","@id":"https:\/\/www.murre.nl\/#website","url":"https:\/\/www.murre.nl\/","name":"Murre Technologies B.V.","description":"En nog een WordPress site","publisher":{"@id":"https:\/\/www.murre.nl\/#organization"},"potentialAction":[{"@type":"SearchAction","target":{"@type":"EntryPoint","urlTemplate":"https:\/\/www.murre.nl\/?s={search_term_string}"},"query-input":"required name=search_term_string"}],"inLanguage":"fr-FR"},{"@type":"Organization","@id":"https:\/\/www.murre.nl\/#organization","name":"Murre Technologies","url":"https:\/\/www.murre.nl\/","logo":{"@type":"ImageObject","inLanguage":"fr-FR","@id":"https:\/\/www.murre.nl\/#\/schema\/logo\/image\/","url":"https:\/\/www.murre.nl\/wp-content\/uploads\/2020\/06\/MT-Logo-HQ-scaled.jpg","contentUrl":"https:\/\/www.murre.nl\/wp-content\/uploads\/2020\/06\/MT-Logo-HQ-scaled.jpg","width":2560,"height":731,"caption":"Murre Technologies"},"image":{"@id":"https:\/\/www.murre.nl\/#\/schema\/logo\/image\/"}}]}},"_links":{"self":[{"href":"https:\/\/www.murre.nl\/fr\/wp-json\/wp\/v2\/pages\/1936"}],"collection":[{"href":"https:\/\/www.murre.nl\/fr\/wp-json\/wp\/v2\/pages"}],"about":[{"href":"https:\/\/www.murre.nl\/fr\/wp-json\/wp\/v2\/types\/page"}],"author":[{"embeddable":true,"href":"https:\/\/www.murre.nl\/fr\/wp-json\/wp\/v2\/users\/2"}],"replies":[{"embeddable":true,"href":"https:\/\/www.murre.nl\/fr\/wp-json\/wp\/v2\/comments?post=1936"}],"version-history":[{"count":4,"href":"https:\/\/www.murre.nl\/fr\/wp-json\/wp\/v2\/pages\/1936\/revisions"}],"predecessor-version":[{"id":2959,"href":"https:\/\/www.murre.nl\/fr\/wp-json\/wp\/v2\/pages\/1936\/revisions\/2959"}],"wp:attachment":[{"href":"https:\/\/www.murre.nl\/fr\/wp-json\/wp\/v2\/media?parent=1936"}],"curies":[{"name":"wp","href":"https:\/\/api.w.org\/{rel}","templated":true}]}}