{"id":2867,"date":"2017-05-03T09:00:53","date_gmt":"2017-05-03T07:00:53","guid":{"rendered":"http:\/\/www.murre.nl\/?page_id=2867\/"},"modified":"2017-05-05T11:32:27","modified_gmt":"2017-05-05T09:32:27","slug":"innovations-personnalisees","status":"publish","type":"page","link":"https:\/\/www.murre.nl\/fr\/innovations-personnalisees\/","title":{"rendered":"Innovations personnalis\u00e9es"},"content":{"rendered":"<p>L&rsquo;innovation est \u00e0 l&rsquo;ordre du jour dans l\u2019industrie agroalimentaire. Un nouveau produit&#8230; et une nouvelle application avec un produit existant&#8230; ajout d&rsquo;une am\u00e9lioration dans votre processus\u2026  tout est sous le signe de l\u2019innovation.<br \/>\nNous sommes \u00e0 votre enti\u00e8re disposition pour toutes les solutions innovantes sur mesure inimaginables. Vous avez des questions ou des id\u00e9es \u00e0 nous soumettre qui pourraient am\u00e9liorer votre processus ou innover un nouveau processus ? Prenez contact avec nous et nous en discuterons ensemble ! Vous en tant qu\u2019expert dans le produit et nous en tant que fabricant innovant de machines !<br \/>\nCar l&rsquo;innovation de solutions sur mesure est inscrite dans notre DNA\u2026<\/p>\n","protected":false},"excerpt":{"rendered":"<p>L&rsquo;innovation est \u00e0 l&rsquo;ordre du jour dans l\u2019industrie agroalimentaire. Un nouveau produit&#8230; et une nouvelle application avec un produit existant&#8230; ajout d&rsquo;une am\u00e9lioration dans votre processus\u2026 tout est sous le signe de l\u2019innovation. Nous sommes \u00e0 votre enti\u00e8re disposition pour toutes les solutions innovantes sur mesure inimaginables. Vous avez des questions ou des id\u00e9es \u00e0 [&hellip;]<\/p>\n","protected":false},"author":1,"featured_media":2671,"parent":0,"menu_order":0,"comment_status":"closed","ping_status":"closed","template":"","meta":[],"acf":[],"yoast_head":"<!-- This site is optimized with the Yoast SEO plugin v20.12 - https:\/\/yoast.com\/wordpress\/plugins\/seo\/ -->\n<title>Innovations personnalis\u00e9es | Murre Technologies B.V.<\/title>\n<meta name=\"robots\" content=\"index, follow, max-snippet:-1, max-image-preview:large, max-video-preview:-1\" \/>\n<link rel=\"canonical\" href=\"https:\/\/www.murre.nl\/fr\/innovations-personnalisees\/\" \/>\n<meta property=\"og:locale\" content=\"fr_FR\" \/>\n<meta property=\"og:type\" content=\"article\" \/>\n<meta property=\"og:title\" content=\"Innovations personnalis\u00e9es | Murre Technologies B.V.\" \/>\n<meta property=\"og:description\" content=\"L&rsquo;innovation est \u00e0 l&rsquo;ordre du jour dans l\u2019industrie agroalimentaire. Un nouveau produit&#8230; et une nouvelle application avec un produit existant&#8230; ajout d&rsquo;une am\u00e9lioration dans votre processus\u2026 tout est sous le signe de l\u2019innovation. Nous sommes \u00e0 votre enti\u00e8re disposition pour toutes les solutions innovantes sur mesure inimaginables. Vous avez des questions ou des id\u00e9es \u00e0 [&hellip;]\" \/>\n<meta property=\"og:url\" content=\"https:\/\/www.murre.nl\/fr\/innovations-personnalisees\/\" \/>\n<meta property=\"og:site_name\" content=\"Murre Technologies B.V.\" \/>\n<meta property=\"article:modified_time\" content=\"2017-05-05T09:32:27+00:00\" \/>\n<meta property=\"og:image\" content=\"https:\/\/www.murre.nl\/wp-content\/uploads\/2017\/05\/machine.png\" \/>\n\t<meta property=\"og:image:width\" content=\"370\" \/>\n\t<meta property=\"og:image:height\" content=\"215\" \/>\n\t<meta property=\"og:image:type\" content=\"image\/png\" \/>\n<meta name=\"twitter:card\" content=\"summary_large_image\" \/>\n<meta name=\"twitter:label1\" content=\"Dur\u00e9e de lecture estim\u00e9e\" \/>\n\t<meta name=\"twitter:data1\" content=\"1 minute\" \/>\n<script type=\"application\/ld+json\" class=\"yoast-schema-graph\">{\"@context\":\"https:\/\/schema.org\",\"@graph\":[{\"@type\":\"WebPage\",\"@id\":\"https:\/\/www.murre.nl\/fr\/innovations-personnalisees\/\",\"url\":\"https:\/\/www.murre.nl\/fr\/innovations-personnalisees\/\",\"name\":\"Innovations personnalis\u00e9es | Murre Technologies B.V.\",\"isPartOf\":{\"@id\":\"https:\/\/www.murre.nl\/#website\"},\"datePublished\":\"2017-05-03T07:00:53+00:00\",\"dateModified\":\"2017-05-05T09:32:27+00:00\",\"breadcrumb\":{\"@id\":\"https:\/\/www.murre.nl\/fr\/innovations-personnalisees\/#breadcrumb\"},\"inLanguage\":\"fr-FR\",\"potentialAction\":[{\"@type\":\"ReadAction\",\"target\":[\"https:\/\/www.murre.nl\/fr\/innovations-personnalisees\/\"]}]},{\"@type\":\"BreadcrumbList\",\"@id\":\"https:\/\/www.murre.nl\/fr\/innovations-personnalisees\/#breadcrumb\",\"itemListElement\":[{\"@type\":\"ListItem\",\"position\":1,\"name\":\"Home\",\"item\":\"https:\/\/www.murre.nl\/fr\/\"},{\"@type\":\"ListItem\",\"position\":2,\"name\":\"Innovations personnalis\u00e9es\"}]},{\"@type\":\"WebSite\",\"@id\":\"https:\/\/www.murre.nl\/#website\",\"url\":\"https:\/\/www.murre.nl\/\",\"name\":\"Murre Technologies B.V.\",\"description\":\"En nog een WordPress site\",\"publisher\":{\"@id\":\"https:\/\/www.murre.nl\/#organization\"},\"potentialAction\":[{\"@type\":\"SearchAction\",\"target\":{\"@type\":\"EntryPoint\",\"urlTemplate\":\"https:\/\/www.murre.nl\/?s={search_term_string}\"},\"query-input\":\"required name=search_term_string\"}],\"inLanguage\":\"fr-FR\"},{\"@type\":\"Organization\",\"@id\":\"https:\/\/www.murre.nl\/#organization\",\"name\":\"Murre Technologies\",\"url\":\"https:\/\/www.murre.nl\/\",\"logo\":{\"@type\":\"ImageObject\",\"inLanguage\":\"fr-FR\",\"@id\":\"https:\/\/www.murre.nl\/#\/schema\/logo\/image\/\",\"url\":\"https:\/\/www.murre.nl\/wp-content\/uploads\/2020\/06\/MT-Logo-HQ-scaled.jpg\",\"contentUrl\":\"https:\/\/www.murre.nl\/wp-content\/uploads\/2020\/06\/MT-Logo-HQ-scaled.jpg\",\"width\":2560,\"height\":731,\"caption\":\"Murre Technologies\"},\"image\":{\"@id\":\"https:\/\/www.murre.nl\/#\/schema\/logo\/image\/\"}}]}<\/script>\n<!-- \/ Yoast SEO plugin. -->","yoast_head_json":{"title":"Innovations personnalis\u00e9es | Murre Technologies B.V.","robots":{"index":"index","follow":"follow","max-snippet":"max-snippet:-1","max-image-preview":"max-image-preview:large","max-video-preview":"max-video-preview:-1"},"canonical":"https:\/\/www.murre.nl\/fr\/innovations-personnalisees\/","og_locale":"fr_FR","og_type":"article","og_title":"Innovations personnalis\u00e9es | Murre Technologies B.V.","og_description":"L&rsquo;innovation est \u00e0 l&rsquo;ordre du jour dans l\u2019industrie agroalimentaire. Un nouveau produit&#8230; et une nouvelle application avec un produit existant&#8230; ajout d&rsquo;une am\u00e9lioration dans votre processus\u2026 tout est sous le signe de l\u2019innovation. Nous sommes \u00e0 votre enti\u00e8re disposition pour toutes les solutions innovantes sur mesure inimaginables. Vous avez des questions ou des id\u00e9es \u00e0 [&hellip;]","og_url":"https:\/\/www.murre.nl\/fr\/innovations-personnalisees\/","og_site_name":"Murre Technologies B.V.","article_modified_time":"2017-05-05T09:32:27+00:00","og_image":[{"width":370,"height":215,"url":"https:\/\/www.murre.nl\/wp-content\/uploads\/2017\/05\/machine.png","type":"image\/png"}],"twitter_card":"summary_large_image","twitter_misc":{"Dur\u00e9e de lecture estim\u00e9e":"1 minute"},"schema":{"@context":"https:\/\/schema.org","@graph":[{"@type":"WebPage","@id":"https:\/\/www.murre.nl\/fr\/innovations-personnalisees\/","url":"https:\/\/www.murre.nl\/fr\/innovations-personnalisees\/","name":"Innovations personnalis\u00e9es | Murre Technologies B.V.","isPartOf":{"@id":"https:\/\/www.murre.nl\/#website"},"datePublished":"2017-05-03T07:00:53+00:00","dateModified":"2017-05-05T09:32:27+00:00","breadcrumb":{"@id":"https:\/\/www.murre.nl\/fr\/innovations-personnalisees\/#breadcrumb"},"inLanguage":"fr-FR","potentialAction":[{"@type":"ReadAction","target":["https:\/\/www.murre.nl\/fr\/innovations-personnalisees\/"]}]},{"@type":"BreadcrumbList","@id":"https:\/\/www.murre.nl\/fr\/innovations-personnalisees\/#breadcrumb","itemListElement":[{"@type":"ListItem","position":1,"name":"Home","item":"https:\/\/www.murre.nl\/fr\/"},{"@type":"ListItem","position":2,"name":"Innovations personnalis\u00e9es"}]},{"@type":"WebSite","@id":"https:\/\/www.murre.nl\/#website","url":"https:\/\/www.murre.nl\/","name":"Murre Technologies B.V.","description":"En nog een WordPress site","publisher":{"@id":"https:\/\/www.murre.nl\/#organization"},"potentialAction":[{"@type":"SearchAction","target":{"@type":"EntryPoint","urlTemplate":"https:\/\/www.murre.nl\/?s={search_term_string}"},"query-input":"required name=search_term_string"}],"inLanguage":"fr-FR"},{"@type":"Organization","@id":"https:\/\/www.murre.nl\/#organization","name":"Murre Technologies","url":"https:\/\/www.murre.nl\/","logo":{"@type":"ImageObject","inLanguage":"fr-FR","@id":"https:\/\/www.murre.nl\/#\/schema\/logo\/image\/","url":"https:\/\/www.murre.nl\/wp-content\/uploads\/2020\/06\/MT-Logo-HQ-scaled.jpg","contentUrl":"https:\/\/www.murre.nl\/wp-content\/uploads\/2020\/06\/MT-Logo-HQ-scaled.jpg","width":2560,"height":731,"caption":"Murre Technologies"},"image":{"@id":"https:\/\/www.murre.nl\/#\/schema\/logo\/image\/"}}]}},"_links":{"self":[{"href":"https:\/\/www.murre.nl\/fr\/wp-json\/wp\/v2\/pages\/2867"}],"collection":[{"href":"https:\/\/www.murre.nl\/fr\/wp-json\/wp\/v2\/pages"}],"about":[{"href":"https:\/\/www.murre.nl\/fr\/wp-json\/wp\/v2\/types\/page"}],"author":[{"embeddable":true,"href":"https:\/\/www.murre.nl\/fr\/wp-json\/wp\/v2\/users\/1"}],"replies":[{"embeddable":true,"href":"https:\/\/www.murre.nl\/fr\/wp-json\/wp\/v2\/comments?post=2867"}],"version-history":[{"count":2,"href":"https:\/\/www.murre.nl\/fr\/wp-json\/wp\/v2\/pages\/2867\/revisions"}],"predecessor-version":[{"id":2960,"href":"https:\/\/www.murre.nl\/fr\/wp-json\/wp\/v2\/pages\/2867\/revisions\/2960"}],"wp:featuredmedia":[{"embeddable":true,"href":"https:\/\/www.murre.nl\/fr\/wp-json\/wp\/v2\/media\/2671"}],"wp:attachment":[{"href":"https:\/\/www.murre.nl\/fr\/wp-json\/wp\/v2\/media?parent=2867"}],"curies":[{"name":"wp","href":"https:\/\/api.w.org\/{rel}","templated":true}]}}